{"id":5,"date":"2018-02-05T23:54:05","date_gmt":"2018-02-05T23:54:05","guid":{"rendered":"https:\/\/clarencebridgecapital.com\/blog\/"},"modified":"2023-04-04T16:48:52","modified_gmt":"2023-04-04T16:48:52","slug":"team","status":"publish","type":"page","link":"https:\/\/clarencebridgecapital.com\/it\/team\/","title":{"rendered":"Il team"},"content":{"rendered":"<div data-elementor-type=\"wp-page\" data-elementor-id=\"5\" class=\"elementor elementor-5\">\n\t\t\t\t\t\t<section class=\"elementor-section elementor-top-section elementor-element elementor-element-b8b67f1 elementor-section-boxed elementor-section-height-default elementor-section-height-default\" data-id=\"b8b67f1\" data-element_type=\"section\" data-e-type=\"section\">\n\t\t\t\t\t\t<div class=\"elementor-container elementor-column-gap-default\">\n\t\t\t\t\t<div class=\"elementor-column elementor-col-50 elementor-top-column elementor-element elementor-element-72865bf\" data-id=\"72865bf\" data-element_type=\"column\" data-e-type=\"column\">\n\t\t\t<div class=\"elementor-widget-wrap elementor-element-populated\">\n\t\t\t\t\t\t<div class=\"elementor-element elementor-element-085f8c3 elementor-widget elementor-widget-image\" data-id=\"085f8c3\" data-element_type=\"widget\" data-e-type=\"widget\" data-widget_type=\"image.default\">\n\t\t\t\t<div class=\"elementor-widget-container\">\n\t\t\t\t\t\t\t\t\t\t\t\t\t\t\t<img decoding=\"async\" src=\"https:\/\/i0.wp.com\/clarencebridgecapital.com\/wp-content\/uploads\/2018\/02\/08_Davide-Vallero_005.jpg?fit=120%2C160&#038;ssl=1\" title=\"08_Davide Vallero_005\" alt=\"08_Davide Vallero_005\" class=\"elementor-animation-grow\" loading=\"lazy\" \/>\t\t\t\t\t\t\t\t\t\t\t\t\t\t\t<\/div>\n\t\t\t\t<\/div>\n\t\t\t\t\t<\/div>\n\t\t<\/div>\n\t\t\t\t<div class=\"elementor-column elementor-col-50 elementor-top-column elementor-element elementor-element-6cdef98\" data-id=\"6cdef98\" data-element_type=\"column\" data-e-type=\"column\">\n\t\t\t<div class=\"elementor-widget-wrap elementor-element-populated\">\n\t\t\t\t\t\t<div class=\"elementor-element elementor-element-db5a17e elementor-widget elementor-widget-text-editor\" data-id=\"db5a17e\" data-element_type=\"widget\" data-e-type=\"widget\" data-widget_type=\"text-editor.default\">\n\t\t\t\t<div class=\"elementor-widget-container\">\n\t\t\t\t\t\t\t\t\t<p style=\"text-align: left; color: #900000; font-size: 18px;\"><strong>Davide Vallero \u2013 Managing Director<\/strong><\/p><p style=\"text-align: justify; color: #000000; font-size: 14px;\"><span style=\"font-family: Arial, sans-serif; font-size: 10.5pt;\">Imprenditore e manager. Laureato in Ingegneria a Torino, da \"grande\" ha conseguito una seconda laurea in Strategia Aziendale presso la London Business School. Ha contribuito fattivamente al successo di aziende multinazionali e imprese famigliari, in Italia ed all'estero, specializzandosi in ristrutturazione operativa e internazionalizzazione.\u00a0<\/span><\/p><p style=\"margin-top: 0cm; text-align: justify; background-image: initial; background-position: initial; background-size: initial; background-repeat: initial; background-attachment: initial; background-origin: initial; background-clip: initial;\"><span style=\"font-size: 10.5pt; font-family: 'Arial',sans-serif; color: black;\">Davide ha oltre 20 anni di esperienza maturata in differenti settori: software, IT, aeronautica, automotive, beni di largo consumo, manufacturing. Parla correntemente Inglese e Spagnolo. Vive tra Londra e il Milano.<\/span><\/p>\t\t\t\t\t\t\t\t<\/div>\n\t\t\t\t<\/div>\n\t\t\t\t\t<\/div>\n\t\t<\/div>\n\t\t\t\t\t<\/div>\n\t\t<\/section>\n\t\t\t\t<section class=\"elementor-section elementor-top-section elementor-element elementor-element-f47a745 elementor-section-boxed elementor-section-height-default elementor-section-height-default\" data-id=\"f47a745\" data-element_type=\"section\" data-e-type=\"section\">\n\t\t\t\t\t\t<div class=\"elementor-container elementor-column-gap-default\">\n\t\t\t\t\t<div class=\"elementor-column elementor-col-50 elementor-top-column elementor-element elementor-element-1317389\" data-id=\"1317389\" data-element_type=\"column\" data-e-type=\"column\">\n\t\t\t<div class=\"elementor-widget-wrap elementor-element-populated\">\n\t\t\t\t\t\t<div class=\"elementor-element elementor-element-aa44c6e elementor-widget elementor-widget-image\" data-id=\"aa44c6e\" data-element_type=\"widget\" data-e-type=\"widget\" data-widget_type=\"image.default\">\n\t\t\t\t<div class=\"elementor-widget-container\">\n\t\t\t\t\t\t\t\t\t\t\t\t\t\t\t<img decoding=\"async\" src=\"https:\/\/i0.wp.com\/clarencebridgecapital.com\/wp-content\/uploads\/2018\/02\/ansat.jpg?fit=120%2C160&#038;ssl=1\" title=\"ansat\" alt=\"ansat\" class=\"elementor-animation-grow\" loading=\"lazy\" \/>\t\t\t\t\t\t\t\t\t\t\t\t\t\t\t<\/div>\n\t\t\t\t<\/div>\n\t\t\t\t\t<\/div>\n\t\t<\/div>\n\t\t\t\t<div class=\"elementor-column elementor-col-50 elementor-top-column elementor-element elementor-element-afa3522\" data-id=\"afa3522\" data-element_type=\"column\" data-e-type=\"column\">\n\t\t\t<div class=\"elementor-widget-wrap elementor-element-populated\">\n\t\t\t\t\t\t<div class=\"elementor-element elementor-element-fcf5d24 elementor-widget elementor-widget-text-editor\" data-id=\"fcf5d24\" data-element_type=\"widget\" data-e-type=\"widget\" data-widget_type=\"text-editor.default\">\n\t\t\t\t<div class=\"elementor-widget-container\">\n\t\t\t\t\t\t\t\t\t<p style=\"text-align: justify; color: #900000; font-size: 18px;\"><strong>Ansat Zhabagin<\/strong><\/p><p style=\"text-align: justify; color: #000000; font-size: 14px;\">Imprenditore ed investitore seriale, Ansat si \u00e9 trasferito in UK in giovent\u00fa, per completare gli studi superiori nelle pi\u00fa prestigiose universit\u00e1 londinesi. Da 15 anni opera attivamente nei settori telco, tech e minerario. Ha un portafoglio di investimenti che spazia tra Europa, Mediterraneo orientale e repubbliche ex sovietiche. Siede nel board di numerose aziende.<\/p><p style=\"text-align: justify; color: #000000; font-size: 14px;\">Ansat vive tra Londra e Almaty e parla Russo ed Inglese.<\/p>\t\t\t\t\t\t\t\t<\/div>\n\t\t\t\t<\/div>\n\t\t\t\t\t<\/div>\n\t\t<\/div>\n\t\t\t\t\t<\/div>\n\t\t<\/section>\n\t\t\t\t<section class=\"elementor-section elementor-top-section elementor-element elementor-element-3322a62 elementor-section-boxed elementor-section-height-default elementor-section-height-default\" data-id=\"3322a62\" data-element_type=\"section\" data-e-type=\"section\">\n\t\t\t\t\t\t<div class=\"elementor-container elementor-column-gap-default\">\n\t\t\t\t\t<div class=\"elementor-column elementor-col-50 elementor-top-column elementor-element elementor-element-a86ef0e\" data-id=\"a86ef0e\" data-element_type=\"column\" data-e-type=\"column\">\n\t\t\t<div class=\"elementor-widget-wrap elementor-element-populated\">\n\t\t\t\t\t\t<div class=\"elementor-element elementor-element-eab8e2b elementor-widget elementor-widget-image\" data-id=\"eab8e2b\" data-element_type=\"widget\" data-e-type=\"widget\" data-widget_type=\"image.default\">\n\t\t\t\t<div class=\"elementor-widget-container\">\n\t\t\t\t\t\t\t\t\t\t\t\t\t\t\t<img decoding=\"async\" src=\"https:\/\/i0.wp.com\/clarencebridgecapital.com\/wp-content\/uploads\/2018\/02\/3I4A0817.jpg?fit=120%2C160&#038;ssl=1\" title=\"3I4A0817\" alt=\"3I4A0817\" class=\"elementor-animation-grow\" loading=\"lazy\" \/>\t\t\t\t\t\t\t\t\t\t\t\t\t\t\t<\/div>\n\t\t\t\t<\/div>\n\t\t\t\t\t<\/div>\n\t\t<\/div>\n\t\t\t\t<div class=\"elementor-column elementor-col-50 elementor-top-column elementor-element elementor-element-ac30dc9\" data-id=\"ac30dc9\" data-element_type=\"column\" data-e-type=\"column\">\n\t\t\t<div class=\"elementor-widget-wrap elementor-element-populated\">\n\t\t\t\t\t\t<div class=\"elementor-element elementor-element-7123012 elementor-widget elementor-widget-text-editor\" data-id=\"7123012\" data-element_type=\"widget\" data-e-type=\"widget\" data-widget_type=\"text-editor.default\">\n\t\t\t\t<div class=\"elementor-widget-container\">\n\t\t\t\t\t\t\t\t\t<p style=\"text-align: left; color: #900000; font-size: 18px;\"><strong>Marc Rubinstein<\/strong><\/p><p style=\"text-align: justify; color: #000000; font-size: 14px;\">Esperto di investimenti, Marc ha occupato posizioni di rilievo in banche ed istituzioni finanziarie nella City londinese. Ha condotto la raccolta di capitali per numerose multinazionali della finanza. Come investment manager, ha contribuito alle gestione di un fondo di oltre 4 milardi di dollari operante a livello globale.<\/p><p style=\"text-align: justify; color: #000000; font-size: 14px;\">Marc \u00e9 un appassionato angel investor nei settori dell'ospitalit\u00e1, turismo e servizi finanziari. Vive a Londra.<\/p>\t\t\t\t\t\t\t\t<\/div>\n\t\t\t\t<\/div>\n\t\t\t\t\t<\/div>\n\t\t<\/div>\n\t\t\t\t\t<\/div>\n\t\t<\/section>\n\t\t\t\t<section class=\"elementor-section elementor-top-section elementor-element elementor-element-1a2fb5f elementor-section-boxed elementor-section-height-default elementor-section-height-default\" data-id=\"1a2fb5f\" data-element_type=\"section\" data-e-type=\"section\">\n\t\t\t\t\t\t<div class=\"elementor-container elementor-column-gap-default\">\n\t\t\t\t\t<div class=\"elementor-column elementor-col-50 elementor-top-column elementor-element elementor-element-b017653\" data-id=\"b017653\" data-element_type=\"column\" data-e-type=\"column\">\n\t\t\t<div class=\"elementor-widget-wrap elementor-element-populated\">\n\t\t\t\t\t\t<div class=\"elementor-element elementor-element-69241aa elementor-widget elementor-widget-image\" data-id=\"69241aa\" data-element_type=\"widget\" data-e-type=\"widget\" data-widget_type=\"image.default\">\n\t\t\t\t<div class=\"elementor-widget-container\">\n\t\t\t\t\t\t\t\t\t\t\t\t\t\t\t<img decoding=\"async\" src=\"https:\/\/i0.wp.com\/clarencebridgecapital.com\/wp-content\/uploads\/2018\/02\/paul2.jpg?fit=120%2C160&#038;ssl=1\" title=\"paul2\" alt=\"paul2\" class=\"elementor-animation-grow\" loading=\"lazy\" \/>\t\t\t\t\t\t\t\t\t\t\t\t\t\t\t<\/div>\n\t\t\t\t<\/div>\n\t\t\t\t\t<\/div>\n\t\t<\/div>\n\t\t\t\t<div class=\"elementor-column elementor-col-50 elementor-top-column elementor-element elementor-element-382ca50\" data-id=\"382ca50\" data-element_type=\"column\" data-e-type=\"column\">\n\t\t\t<div class=\"elementor-widget-wrap elementor-element-populated\">\n\t\t\t\t\t\t<div class=\"elementor-element elementor-element-7a8386a elementor-widget elementor-widget-text-editor\" data-id=\"7a8386a\" data-element_type=\"widget\" data-e-type=\"widget\" data-widget_type=\"text-editor.default\">\n\t\t\t\t<div class=\"elementor-widget-container\">\n\t\t\t\t\t\t\t\t\t<p style=\"text-align: left; color: #900000; font-size: 18px;\"><b>Paul Liu<\/b><\/p><p style=\"text-align: justify; color: #000000; font-size: 14px;\">Professionista della finanza internazionale, ha operato per 2 decadi tra Asia, Nord America ed Europa. \u00c9 stato analista nel settore energia, investitore in start-up e managing partner di una delle pi\u00fa importanti istituzioni di gestione patrimoniale  in Asia. \u00c9 riconosciuto a livello internazionale per il suo contributo come policymaker in materia economica. Attualmente conduce investimenti immobiliari nelle pi\u00fa importanti citt\u00e1 del mondo.\u00a0<\/p><p>Basato a Singapore, hub finanziario asiatico, Paul parla Inglese, Cinese Mandarino e altri dialetti cinesi.<\/p>\t\t\t\t\t\t\t\t<\/div>\n\t\t\t\t<\/div>\n\t\t\t\t\t<\/div>\n\t\t<\/div>\n\t\t\t\t\t<\/div>\n\t\t<\/section>\n\t\t\t\t<section class=\"elementor-section elementor-top-section elementor-element elementor-element-91052e9 elementor-section-boxed elementor-section-height-default elementor-section-height-default\" data-id=\"91052e9\" data-element_type=\"section\" data-e-type=\"section\">\n\t\t\t\t\t\t<div class=\"elementor-container elementor-column-gap-default\">\n\t\t\t\t\t<div class=\"elementor-column elementor-col-50 elementor-top-column elementor-element elementor-element-9ba8e6f\" data-id=\"9ba8e6f\" data-element_type=\"column\" data-e-type=\"column\">\n\t\t\t<div class=\"elementor-widget-wrap elementor-element-populated\">\n\t\t\t\t\t\t<div class=\"elementor-element elementor-element-d8d3965 elementor-widget elementor-widget-image\" data-id=\"d8d3965\" data-element_type=\"widget\" data-e-type=\"widget\" data-widget_type=\"image.default\">\n\t\t\t\t<div class=\"elementor-widget-container\">\n\t\t\t\t\t\t\t\t\t\t\t\t\t\t\t<img decoding=\"async\" src=\"https:\/\/i0.wp.com\/clarencebridgecapital.com\/wp-content\/uploads\/2018\/05\/Picture1.jpg?fit=120%2C160&#038;ssl=1\" title=\"Picture1\" alt=\"Picture1\" loading=\"lazy\" \/>\t\t\t\t\t\t\t\t\t\t\t\t\t\t\t<\/div>\n\t\t\t\t<\/div>\n\t\t\t\t\t<\/div>\n\t\t<\/div>\n\t\t\t\t<div class=\"elementor-column elementor-col-50 elementor-top-column elementor-element elementor-element-1403a30\" data-id=\"1403a30\" data-element_type=\"column\" data-e-type=\"column\">\n\t\t\t<div class=\"elementor-widget-wrap elementor-element-populated\">\n\t\t\t\t\t\t<div class=\"elementor-element elementor-element-1363be7 elementor-widget elementor-widget-text-editor\" data-id=\"1363be7\" data-element_type=\"widget\" data-e-type=\"widget\" data-widget_type=\"text-editor.default\">\n\t\t\t\t<div class=\"elementor-widget-container\">\n\t\t\t\t\t\t\t\t\t<p style=\"text-align: justify; color: #900000; font-size: 18px;\"><strong>Ayesha Iqbal<\/strong><\/p><p>Ayesha siede nel nostro Board. Proviene dal mondo del Private Equity e porta con s\u00e9 anni di esperienza nella ricerca di target per acquisizione, strutturazione del deal e gestione operativa delle aziende acquisite. Ha operato in pi\u00f9 di 20 nazioni tra Asia, Africa e Medio Oriente. Il suo impareggiabile network di relazioni rappresenta il nostro ponte per quei promettenti mercati.<\/p><p>Ayesha vive a Londra e parla Inglese e Urdu.<\/p>\t\t\t\t\t\t\t\t<\/div>\n\t\t\t\t<\/div>\n\t\t\t\t\t<\/div>\n\t\t<\/div>\n\t\t\t\t\t<\/div>\n\t\t<\/section>\n\t\t\t\t<section class=\"elementor-section elementor-top-section elementor-element elementor-element-ad9bb55 elementor-section-boxed elementor-section-height-default elementor-section-height-default\" data-id=\"ad9bb55\" data-element_type=\"section\" data-e-type=\"section\">\n\t\t\t\t\t\t<div class=\"elementor-container elementor-column-gap-default\">\n\t\t\t\t\t<div class=\"elementor-column elementor-col-50 elementor-top-column elementor-element elementor-element-e60c251\" data-id=\"e60c251\" data-element_type=\"column\" data-e-type=\"column\">\n\t\t\t<div class=\"elementor-widget-wrap elementor-element-populated\">\n\t\t\t\t\t\t<div class=\"elementor-element elementor-element-83d47ee elementor-widget elementor-widget-image\" data-id=\"83d47ee\" data-element_type=\"widget\" data-e-type=\"widget\" data-widget_type=\"image.default\">\n\t\t\t\t<div class=\"elementor-widget-container\">\n\t\t\t\t\t\t\t\t\t\t\t\t\t\t\t<img decoding=\"async\" src=\"https:\/\/i0.wp.com\/clarencebridgecapital.com\/wp-content\/uploads\/2018\/02\/CAP-PIC.jpg?fit=120%2C160&#038;ssl=1\" title=\"CAP PIC\" alt=\"CAP PIC\" class=\"elementor-animation-grow\" loading=\"lazy\" \/>\t\t\t\t\t\t\t\t\t\t\t\t\t\t\t<\/div>\n\t\t\t\t<\/div>\n\t\t\t\t\t<\/div>\n\t\t<\/div>\n\t\t\t\t<div class=\"elementor-column elementor-col-50 elementor-top-column elementor-element elementor-element-b1471ca\" data-id=\"b1471ca\" data-element_type=\"column\" data-e-type=\"column\">\n\t\t\t<div class=\"elementor-widget-wrap elementor-element-populated\">\n\t\t\t\t\t\t<div class=\"elementor-element elementor-element-c11a143 elementor-widget elementor-widget-text-editor\" data-id=\"c11a143\" data-element_type=\"widget\" data-e-type=\"widget\" data-widget_type=\"text-editor.default\">\n\t\t\t\t<div class=\"elementor-widget-container\">\n\t\t\t\t\t\t\t\t\t<p style=\"text-align: left; color: #900000; font-size: 18px;\"><strong>Carlos Andres Piovesan<\/strong><\/p><p style=\"text-align: justify; color: #000000;\">Le sue radici sono nel Veneto, da dove la famiglia \u00e9 emigrata in America nel secolo scorso. Carlos ha raccolto e ulteriormente sviluppato l'eredit\u00e1 imprenditoriale di famiglia portandola al successo in Latino America e negli Stati Uniti. Opera prevalentemente in ambito manifatturiero e ha sviluppato una approfondita conoscenza dei meccanismi commerciali di cessione ed acquisizione di aziende. Da imprenditore, ha approfondito le logiche che regolano l'interazione tra le aziende, le banche e gli operatori di Private Equity. \u00c9 il  nostro ponte con i mercati americani.<\/p><p style=\"text-align: justify; color: #000000; font-size: 14px;\">Carlos vive in Ecuador e parla Inglese e Spagnolo.<\/p>\t\t\t\t\t\t\t\t<\/div>\n\t\t\t\t<\/div>\n\t\t\t\t\t<\/div>\n\t\t<\/div>\n\t\t\t\t\t<\/div>\n\t\t<\/section>\n\t\t\t\t<section class=\"elementor-section elementor-top-section elementor-element elementor-element-3780f01 elementor-section-boxed elementor-section-height-default elementor-section-height-default\" data-id=\"3780f01\" data-element_type=\"section\" data-e-type=\"section\">\n\t\t\t\t\t\t<div class=\"elementor-container elementor-column-gap-default\">\n\t\t\t\t\t<div class=\"elementor-column elementor-col-33 elementor-top-column elementor-element elementor-element-1c860f8\" data-id=\"1c860f8\" data-element_type=\"column\" data-e-type=\"column\">\n\t\t\t<div class=\"elementor-widget-wrap elementor-element-populated\">\n\t\t\t\t\t\t<div class=\"elementor-element elementor-element-7890634 elementor-widget elementor-widget-image\" data-id=\"7890634\" data-element_type=\"widget\" data-e-type=\"widget\" data-widget_type=\"image.default\">\n\t\t\t\t<div class=\"elementor-widget-container\">\n\t\t\t\t\t\t\t\t\t\t\t\t\t\t\t<img decoding=\"async\" src=\"https:\/\/i0.wp.com\/clarencebridgecapital.com\/wp-content\/uploads\/2023\/04\/ELA.png?fit=120%2C160&#038;ssl=1\" title=\"ELA\" alt=\"ELA\" loading=\"lazy\" \/>\t\t\t\t\t\t\t\t\t\t\t\t\t\t\t<\/div>\n\t\t\t\t<\/div>\n\t\t\t\t\t<\/div>\n\t\t<\/div>\n\t\t\t\t<div class=\"elementor-column elementor-col-66 elementor-top-column elementor-element elementor-element-b16c44d\" data-id=\"b16c44d\" data-element_type=\"column\" data-e-type=\"column\">\n\t\t\t<div class=\"elementor-widget-wrap elementor-element-populated\">\n\t\t\t\t\t\t<div class=\"elementor-element elementor-element-24fbb0d elementor-widget elementor-widget-text-editor\" data-id=\"24fbb0d\" data-element_type=\"widget\" data-e-type=\"widget\" data-widget_type=\"text-editor.default\">\n\t\t\t\t<div class=\"elementor-widget-container\">\n\t\t\t\t\t\t\t\t\t<p style=\"color: #900000; font-size: 18px;\"><strong>Ernesto Luigi Argenio<\/strong><\/p><p style=\"text-align: justify;\">Ernesto ha costruito la sua carriera nel settore dei beni di largo consumo. Ha ricoperto ruoli esecutivi di livello globale in grandi multinazionali negli Stati Uniti, nel Regno Unito e in Italia. Come leader dell'ICT, ha guidato importanti programmi di cambiamento, spesso a livello globale e coinvolgendo migliaia di utenti. \u00c8 un esperto di tecnologia e digital evangelist.\u00a0<\/p><p style=\"text-align: justify;\">He lives in London. He&#8217;s fluent in English and Italian.<\/p>\t\t\t\t\t\t\t\t<\/div>\n\t\t\t\t<\/div>\n\t\t\t\t\t<\/div>\n\t\t<\/div>\n\t\t\t\t\t<\/div>\n\t\t<\/section>\n\t\t\t\t<section class=\"elementor-section elementor-top-section elementor-element elementor-element-292f78f elementor-section-boxed elementor-section-height-default elementor-section-height-default\" data-id=\"292f78f\" data-element_type=\"section\" data-e-type=\"section\">\n\t\t\t\t\t\t<div class=\"elementor-container elementor-column-gap-default\">\n\t\t\t\t\t<div class=\"elementor-column elementor-col-100 elementor-top-column elementor-element elementor-element-cf96daa\" data-id=\"cf96daa\" data-element_type=\"column\" data-e-type=\"column\">\n\t\t\t<div class=\"elementor-widget-wrap elementor-element-populated\">\n\t\t\t\t\t\t<div class=\"elementor-element elementor-element-004f154 elementor-widget elementor-widget-text-editor\" data-id=\"004f154\" data-element_type=\"widget\" data-e-type=\"widget\" data-widget_type=\"text-editor.default\">\n\t\t\t\t<div class=\"elementor-widget-container\">\n\t\t\t\t\t\t\t\t\t<p style=\"text-align: justyfy;\"><span style=\"color: #900000; font-size: 20px;\"><b>La nostra capacit\u00e1 di accesso ai capitali \u00e9 ulteriormente accresciuta dalla vasta rete di relazioni con investitori istituzionali, family office e patrimoni individuali, anche a livello locale Italiano.<\/b><\/span><\/p>\t\t\t\t\t\t\t\t<\/div>\n\t\t\t\t<\/div>\n\t\t\t\t\t<\/div>\n\t\t<\/div>\n\t\t\t\t\t<\/div>\n\t\t<\/section>\n\t\t\t\t<\/div>","protected":false},"excerpt":{"rendered":"<p>David Vallero &#8211; Managing Director A strategically minded and commercially aware entrepreneur. Track record as a senior executive and turnaround manager. Davide has delivered tangible results to both large organisations &#8230;<\/p>","protected":false},"author":1,"featured_media":0,"parent":0,"menu_order":0,"comment_status":"closed","ping_status":"closed","template":"","meta":{"nf_dc_page":"","content-type":"","footnotes":""},"class_list":["post-5","page","type-page","status-publish","hentry"],"jetpack_sharing_enabled":false,"jetpack_shortlink":"https:\/\/wp.me\/P9DFr3-5","jetpack_likes_enabled":true,"jetpack-related-posts":[],"_links":{"self":[{"href":"https:\/\/clarencebridgecapital.com\/it\/wp-json\/wp\/v2\/pages\/5","targetHints":{"allow":["GET"]}}],"collection":[{"href":"https:\/\/clarencebridgecapital.com\/it\/wp-json\/wp\/v2\/pages"}],"about":[{"href":"https:\/\/clarencebridgecapital.com\/it\/wp-json\/wp\/v2\/types\/page"}],"author":[{"embeddable":true,"href":"https:\/\/clarencebridgecapital.com\/it\/wp-json\/wp\/v2\/users\/1"}],"replies":[{"embeddable":true,"href":"https:\/\/clarencebridgecapital.com\/it\/wp-json\/wp\/v2\/comments?post=5"}],"version-history":[{"count":5,"href":"https:\/\/clarencebridgecapital.com\/it\/wp-json\/wp\/v2\/pages\/5\/revisions"}],"predecessor-version":[{"id":2329,"href":"https:\/\/clarencebridgecapital.com\/it\/wp-json\/wp\/v2\/pages\/5\/revisions\/2329"}],"wp:attachment":[{"href":"https:\/\/clarencebridgecapital.com\/it\/wp-json\/wp\/v2\/media?parent=5"}],"curies":[{"name":"wp","href":"https:\/\/api.w.org\/{rel}","templated":true}]}}